{"id":9374,"date":"2022-07-06T15:57:11","date_gmt":"2022-07-06T15:57:11","guid":{"rendered":"https:\/\/eips.com\/hizmet-kosullari\/"},"modified":"2023-04-19T15:26:19","modified_gmt":"2023-04-19T15:26:19","slug":"terms-of-service","status":"publish","type":"page","link":"https:\/\/eips.com\/tr\/terms-of-service\/","title":{"rendered":"Hizmet Ko\u015fullar\u0131"},"content":{"rendered":"\t\t<div data-elementor-type=\"wp-page\" data-elementor-id=\"9374\" class=\"elementor elementor-9374 elementor-27\" data-elementor-post-type=\"page\">\n\t\t\t\t\t\t<section class=\"elementor-section elementor-top-section elementor-element elementor-element-d7a0dc2 elementor-section-boxed elementor-section-height-default elementor-section-height-default\" data-id=\"d7a0dc2\" data-element_type=\"section\" data-e-type=\"section\" data-settings=\"{&quot;jet_parallax_layout_list&quot;:[],&quot;background_background&quot;:&quot;classic&quot;}\">\n\t\t\t\t\t\t<div class=\"elementor-container elementor-column-gap-default\">\n\t\t\t\t\t<div class=\"elementor-column elementor-col-100 elementor-top-column elementor-element elementor-element-0de224d\" data-id=\"0de224d\" data-element_type=\"column\" data-e-type=\"column\">\n\t\t\t<div class=\"elementor-widget-wrap elementor-element-populated\">\n\t\t\t\t\t\t<div class=\"elementor-element elementor-element-fcbed56 elementor-widget elementor-widget-heading\" data-id=\"fcbed56\" data-element_type=\"widget\" data-e-type=\"widget\" data-widget_type=\"heading.default\">\n\t\t\t\t<div class=\"elementor-widget-container\">\n\t\t\t\t\t<h2 class=\"elementor-heading-title elementor-size-default\">Hizmet Ko\u015fullar\u0131<\/h2>\t\t\t\t<\/div>\n\t\t\t\t<\/div>\n\t\t\t\t\t<\/div>\n\t\t<\/div>\n\t\t\t\t\t<\/div>\n\t\t<\/section>\n\t\t\t\t<section class=\"elementor-section elementor-top-section elementor-element elementor-element-00c6aa9 elementor-section-full_width elementor-section-height-default elementor-section-height-default\" data-id=\"00c6aa9\" data-element_type=\"section\" data-e-type=\"section\" data-settings=\"{&quot;jet_parallax_layout_list&quot;:[],&quot;background_background&quot;:&quot;classic&quot;}\">\n\t\t\t\t\t\t<div class=\"elementor-container elementor-column-gap-no\">\n\t\t\t\t\t<div class=\"elementor-column elementor-col-100 elementor-top-column elementor-element elementor-element-3d6fc68\" data-id=\"3d6fc68\" data-element_type=\"column\" data-e-type=\"column\">\n\t\t\t<div class=\"elementor-widget-wrap elementor-element-populated\">\n\t\t\t\t\t\t<div class=\"elementor-element elementor-element-6b10baa elementor-widget elementor-widget-html\" data-id=\"6b10baa\" data-element_type=\"widget\" data-e-type=\"widget\" data-widget_type=\"html.default\">\n\t\t\t\t<div class=\"elementor-widget-container\">\n\t\t\t\t\t<div style=\"font-family:Open Sans;font-size:14px;word-spacing:5px;\">\n<span><a style=\"color:#000;\" href=\"\/tr\/\">Ana Sayfa<\/a> \/  <\/span>\n<span style=\"color:#9C9C9C;\">  <a style=\"color:#9c9c9c;\" href=\"\">Hizmet Ko\u015fullar\u0131<\/a><\/span>\n<\/div>\t\t\t\t<\/div>\n\t\t\t\t<\/div>\n\t\t\t\t\t<\/div>\n\t\t<\/div>\n\t\t\t\t\t<\/div>\n\t\t<\/section>\n\t\t\t\t<section class=\"elementor-section elementor-top-section elementor-element elementor-element-992da57 elementor-section-full_width elementor-section-height-default elementor-section-height-default\" data-id=\"992da57\" data-element_type=\"section\" data-e-type=\"section\" data-settings=\"{&quot;jet_parallax_layout_list&quot;:[]}\">\n\t\t\t\t\t\t<div class=\"elementor-container elementor-column-gap-no\">\n\t\t\t\t\t<div class=\"elementor-column elementor-col-100 elementor-top-column elementor-element elementor-element-d06b713\" data-id=\"d06b713\" data-element_type=\"column\" data-e-type=\"column\">\n\t\t\t<div class=\"elementor-widget-wrap elementor-element-populated\">\n\t\t\t\t\t\t<div class=\"elementor-element elementor-element-59235ee elementor-widget elementor-widget-text-editor\" data-id=\"59235ee\" data-element_type=\"widget\" data-e-type=\"widget\" data-widget_type=\"text-editor.default\">\n\t\t\t\t<div class=\"elementor-widget-container\">\n\t\t\t\t\t\t\t\t\t<p>Son g\u00fcncelleme 12\/06\/2021 tarihinde yap\u0131lm\u0131\u015ft\u0131r.<\/p>\t\t\t\t\t\t\t\t<\/div>\n\t\t\t\t<\/div>\n\t\t\t\t\t<\/div>\n\t\t<\/div>\n\t\t\t\t\t<\/div>\n\t\t<\/section>\n\t\t\t\t<section class=\"elementor-section elementor-top-section elementor-element elementor-element-83abc57 elementor-section-boxed elementor-section-height-default elementor-section-height-default\" data-id=\"83abc57\" data-element_type=\"section\" data-e-type=\"section\" data-settings=\"{&quot;jet_parallax_layout_list&quot;:[]}\">\n\t\t\t\t\t\t<div class=\"elementor-container elementor-column-gap-default\">\n\t\t\t\t\t<div class=\"elementor-column elementor-col-100 elementor-top-column elementor-element elementor-element-12737b9\" data-id=\"12737b9\" data-element_type=\"column\" data-e-type=\"column\">\n\t\t\t<div class=\"elementor-widget-wrap elementor-element-populated\">\n\t\t\t\t\t\t<div class=\"elementor-element elementor-element-5a5568c elementor-widget elementor-widget-heading\" data-id=\"5a5568c\" data-element_type=\"widget\" data-e-type=\"widget\" data-widget_type=\"heading.default\">\n\t\t\t\t<div class=\"elementor-widget-container\">\n\t\t\t\t\t<h1 class=\"elementor-heading-title elementor-size-default\">AVRUPA PLASTI\u0307K CERRAHI\u0307 ENSTI\u0307T\u00dcS\u00dc I\u0307\u00c7I\u0307N SORUMLULUK REDDI\u0307<\/h1>\t\t\t\t<\/div>\n\t\t\t\t<\/div>\n\t\t\t\t<div class=\"elementor-element elementor-element-b168298 elementor-widget elementor-widget-text-editor\" data-id=\"b168298\" data-element_type=\"widget\" data-e-type=\"widget\" data-widget_type=\"text-editor.default\">\n\t\t\t\t<div class=\"elementor-widget-container\">\n\t\t\t\t\t\t\t\t\tDaha fazla bilgiye ihtiyac\u0131n\u0131z varsa veya sitemizin sorumluluk reddi hakk\u0131nda herhangi bir sorunuz varsa, l\u00fctfen info@eips.com adresinden e-posta yoluyla bizimle ileti\u015fime ge\u00e7mekten \u00e7ekinmeyin. Feragatnamemiz Feragatname Olu\u015fturucu yard\u0131m\u0131yla olu\u015fturulmu\u015ftur.\t\t\t\t\t\t\t\t<\/div>\n\t\t\t\t<\/div>\n\t\t\t\t<div class=\"elementor-element elementor-element-a66e1f0 elementor-widget elementor-widget-text-editor\" data-id=\"a66e1f0\" data-element_type=\"widget\" data-e-type=\"widget\" data-widget_type=\"text-editor.default\">\n\t\t\t\t<div class=\"elementor-widget-container\">\n\t\t\t\t\t\t\t\t\tEIPS I\u0307\u00c7I\u0307N SORUMLULUK REDDI\u0307 BEYANLARI\t\t\t\t\t\t\t\t<\/div>\n\t\t\t\t<\/div>\n\t\t\t\t<div class=\"elementor-element elementor-element-c26ee59 elementor-widget elementor-widget-text-editor\" data-id=\"c26ee59\" data-element_type=\"widget\" data-e-type=\"widget\" data-widget_type=\"text-editor.default\">\n\t\t\t\t<div class=\"elementor-widget-container\">\n\t\t\t\t\t\t\t\t\t<p>Bu web sitesindeki &#8211; eips.com &#8211; t\u00fcm bilgiler iyi niyetle ve sadece genel bilgilendirme amac\u0131yla yay\u0131nlanmaktad\u0131r. EIPS bu bilgilerin eksiksizli\u011fi, g\u00fcvenilirli\u011fi ve do\u011frulu\u011fu hakk\u0131nda herhangi bir garanti vermez. Bu web sitesinde (EIPS) buldu\u011funuz bilgilere dayanarak yapaca\u011f\u0131n\u0131z her t\u00fcrl\u00fc i\u015flemin riski kesinlikle size aittir. EIPS, web sitemizin kullan\u0131m\u0131 ile ba\u011flant\u0131l\u0131 olarak herhangi bir kay\u0131p ve\/veya zarardan sorumlu olmayacakt\u0131r.<\/p>\n<p>Web sitemizden, bu t\u00fcr harici sitelere giden k\u00f6pr\u00fcleri takip ederek di\u011fer web sitelerini ziyaret edebilirsiniz. Yararl\u0131 ve etik web sitelerine yaln\u0131zca kaliteli ba\u011flant\u0131lar sa\u011flamaya \u00e7al\u0131\u015fsak da, bu sitelerin i\u00e7eri\u011fi ve do\u011fas\u0131 \u00fczerinde hi\u00e7bir kontrol\u00fcm\u00fcz yoktur. Di\u011fer web sitelerine verilen bu ba\u011flant\u0131lar, bu sitelerde bulunan t\u00fcm i\u00e7erik i\u00e7in bir tavsiye anlam\u0131na gelmez. Site sahipleri ve i\u00e7erikleri \u00f6nceden haber verilmeksizin de\u011fi\u015ftirilebilir ve bu durum &#8216;k\u00f6t\u00fc&#8217; olabilecek bir ba\u011flant\u0131y\u0131 kald\u0131rma f\u0131rsat\u0131m\u0131z olmadan \u00f6nce ger\u00e7ekle\u015febilir.<\/p>\n<p>Web sitemizden ayr\u0131ld\u0131\u011f\u0131n\u0131zda, di\u011fer sitelerin kontrol\u00fcm\u00fcz d\u0131\u015f\u0131nda farkl\u0131 gizlilik politikalar\u0131 ve ko\u015fullar\u0131 olabilece\u011fini de l\u00fctfen unutmay\u0131n. L\u00fctfen herhangi bir i\u015f yapmadan veya herhangi bir bilgi y\u00fcklemeden \u00f6nce bu sitelerin Gizlilik Politikalar\u0131n\u0131 ve &#8220;Hizmet \u015eartlar\u0131n\u0131&#8221; kontrol etti\u011finizden emin olun.<\/p>\t\t\t\t\t\t\t\t<\/div>\n\t\t\t\t<\/div>\n\t\t\t\t<div class=\"elementor-element elementor-element-996c63d elementor-widget elementor-widget-text-editor\" data-id=\"996c63d\" data-element_type=\"widget\" data-e-type=\"widget\" data-widget_type=\"text-editor.default\">\n\t\t\t\t<div class=\"elementor-widget-container\">\n\t\t\t\t\t\t\t\t\tONAY\t\t\t\t\t\t\t\t<\/div>\n\t\t\t\t<\/div>\n\t\t\t\t<div class=\"elementor-element elementor-element-39226c5 elementor-widget elementor-widget-text-editor\" data-id=\"39226c5\" data-element_type=\"widget\" data-e-type=\"widget\" data-widget_type=\"text-editor.default\">\n\t\t\t\t<div class=\"elementor-widget-container\">\n\t\t\t\t\t\t\t\t\tWeb sitemizi kullanarak, feragatnamemizi onaylam\u0131\u015f ve \u015fartlar\u0131n\u0131 kabul etmi\u015f olursunuz.\t\t\t\t\t\t\t\t<\/div>\n\t\t\t\t<\/div>\n\t\t\t\t<div class=\"elementor-element elementor-element-2c9c0cb elementor-widget elementor-widget-text-editor\" data-id=\"2c9c0cb\" data-element_type=\"widget\" data-e-type=\"widget\" data-widget_type=\"text-editor.default\">\n\t\t\t\t<div class=\"elementor-widget-container\">\n\t\t\t\t\t\t\t\t\tG\u00dcNCELLEME\t\t\t\t\t\t\t\t<\/div>\n\t\t\t\t<\/div>\n\t\t\t\t<div class=\"elementor-element elementor-element-4e85618 elementor-widget elementor-widget-text-editor\" data-id=\"4e85618\" data-element_type=\"widget\" data-e-type=\"widget\" data-widget_type=\"text-editor.default\">\n\t\t\t\t<div class=\"elementor-widget-container\">\n\t\t\t\t\t\t\t\t\tBu belgeyi g\u00fcncellememiz, de\u011fi\u015ftirmemiz veya bu belgede herhangi bir de\u011fi\u015fiklik yapmam\u0131z halinde, bu de\u011fi\u015fiklikler burada belirgin bir \u015fekilde yay\u0131nlanacakt\u0131r.\t\t\t\t\t\t\t\t<\/div>\n\t\t\t\t<\/div>\n\t\t\t\t\t<\/div>\n\t\t<\/div>\n\t\t\t\t\t<\/div>\n\t\t<\/section>\n\t\t\t\t<\/div>\n\t\t","protected":false},"excerpt":{"rendered":"<p>Hizmet Ko\u015fullar\u0131 Ana Sayfa \/ Hizmet Ko\u015fullar\u0131 Son g\u00fcncelleme 12\/06\/2021 tarihinde yap\u0131lm\u0131\u015ft\u0131r. AVRUPA PLASTI\u0307K CERRAHI\u0307 ENSTI\u0307T\u00dcS\u00dc I\u0307\u00c7I\u0307N SORUMLULUK REDDI\u0307 Daha fazla bilgiye ihtiyac\u0131n\u0131z varsa veya sitemizin sorumluluk reddi hakk\u0131nda herhangi bir sorunuz varsa, l\u00fctfen info@eips.com adresinden e-posta yoluyla bizimle ileti\u015fime ge\u00e7mekten \u00e7ekinmeyin. Feragatnamemiz Feragatname Olu\u015fturucu yard\u0131m\u0131yla olu\u015fturulmu\u015ftur.EIPS I\u0307\u00c7I\u0307N SORUMLULUK REDDI\u0307 BEYANLARI Bu web sitesindeki &#8211; [&hellip;]<\/p>\n","protected":false},"author":1,"featured_media":0,"parent":0,"menu_order":0,"comment_status":"closed","ping_status":"closed","template":"elementor_header_footer","meta":{"_acf_changed":false,"footnotes":""},"class_list":["post-9374","page","type-page","status-publish","hentry"],"acf":[],"yoast_head":"<!-- This site is optimized with the Yoast SEO plugin v27.2 - https:\/\/yoast.com\/product\/yoast-seo-wordpress\/ -->\n<title>Hizmet Ko\u015fullar\u0131 - EIPS<\/title>\n<meta name=\"robots\" content=\"index, follow, max-snippet:-1, max-image-preview:large, max-video-preview:-1\" \/>\n<link rel=\"canonical\" href=\"https:\/\/eips.com\/tr\/terms-of-service\/\" \/>\n<meta property=\"og:locale\" content=\"tr_TR\" \/>\n<meta property=\"og:type\" content=\"article\" \/>\n<meta property=\"og:title\" content=\"Hizmet Ko\u015fullar\u0131 - EIPS\" \/>\n<meta property=\"og:description\" content=\"Hizmet Ko\u015fullar\u0131 Ana Sayfa \/ Hizmet Ko\u015fullar\u0131 Son g\u00fcncelleme 12\/06\/2021 tarihinde yap\u0131lm\u0131\u015ft\u0131r. AVRUPA PLASTI\u0307K CERRAHI\u0307 ENSTI\u0307T\u00dcS\u00dc I\u0307\u00c7I\u0307N SORUMLULUK REDDI\u0307 Daha fazla bilgiye ihtiyac\u0131n\u0131z varsa veya sitemizin sorumluluk reddi hakk\u0131nda herhangi bir sorunuz varsa, l\u00fctfen info@eips.com adresinden e-posta yoluyla bizimle ileti\u015fime ge\u00e7mekten \u00e7ekinmeyin. Feragatnamemiz Feragatname Olu\u015fturucu yard\u0131m\u0131yla olu\u015fturulmu\u015ftur.EIPS I\u0307\u00c7I\u0307N SORUMLULUK REDDI\u0307 BEYANLARI Bu web sitesindeki &#8211; [&hellip;]\" \/>\n<meta property=\"og:url\" content=\"https:\/\/eips.com\/tr\/terms-of-service\/\" \/>\n<meta property=\"og:site_name\" content=\"EIPS\" \/>\n<meta property=\"article:publisher\" content=\"https:\/\/www.facebook.com\/drstavrou\" \/>\n<meta property=\"article:modified_time\" content=\"2023-04-19T15:26:19+00:00\" \/>\n<meta name=\"twitter:card\" content=\"summary_large_image\" \/>\n<meta name=\"twitter:site\" content=\"@drstavrou\" \/>\n<meta name=\"twitter:label1\" content=\"Tahmini okuma s\u00fcresi\" \/>\n\t<meta name=\"twitter:data1\" content=\"2 dakika\" \/>\n<!-- \/ Yoast SEO plugin. -->","yoast_head_json":{"title":"Hizmet Ko\u015fullar\u0131 - EIPS","robots":{"index":"index","follow":"follow","max-snippet":"max-snippet:-1","max-image-preview":"max-image-preview:large","max-video-preview":"max-video-preview:-1"},"canonical":"https:\/\/eips.com\/tr\/terms-of-service\/","og_locale":"tr_TR","og_type":"article","og_title":"Hizmet Ko\u015fullar\u0131 - EIPS","og_description":"Hizmet Ko\u015fullar\u0131 Ana Sayfa \/ Hizmet Ko\u015fullar\u0131 Son g\u00fcncelleme 12\/06\/2021 tarihinde yap\u0131lm\u0131\u015ft\u0131r. AVRUPA PLASTI\u0307K CERRAHI\u0307 ENSTI\u0307T\u00dcS\u00dc I\u0307\u00c7I\u0307N SORUMLULUK REDDI\u0307 Daha fazla bilgiye ihtiyac\u0131n\u0131z varsa veya sitemizin sorumluluk reddi hakk\u0131nda herhangi bir sorunuz varsa, l\u00fctfen info@eips.com adresinden e-posta yoluyla bizimle ileti\u015fime ge\u00e7mekten \u00e7ekinmeyin. Feragatnamemiz Feragatname Olu\u015fturucu yard\u0131m\u0131yla olu\u015fturulmu\u015ftur.EIPS I\u0307\u00c7I\u0307N SORUMLULUK REDDI\u0307 BEYANLARI Bu web sitesindeki &#8211; [&hellip;]","og_url":"https:\/\/eips.com\/tr\/terms-of-service\/","og_site_name":"EIPS","article_publisher":"https:\/\/www.facebook.com\/drstavrou","article_modified_time":"2023-04-19T15:26:19+00:00","twitter_card":"summary_large_image","twitter_site":"@drstavrou","twitter_misc":{"Tahmini okuma s\u00fcresi":"2 dakika"},"schema":{"@context":"https:\/\/schema.org","@graph":[{"@type":"WebPage","@id":"https:\/\/eips.com\/tr\/terms-of-service\/","url":"https:\/\/eips.com\/tr\/terms-of-service\/","name":"Hizmet Ko\u015fullar\u0131 - EIPS","isPartOf":{"@id":"https:\/\/eips.com\/tr\/#website"},"datePublished":"2022-07-06T15:57:11+00:00","dateModified":"2023-04-19T15:26:19+00:00","breadcrumb":{"@id":"https:\/\/eips.com\/tr\/terms-of-service\/#breadcrumb"},"inLanguage":"tr","potentialAction":[{"@type":"ReadAction","target":["https:\/\/eips.com\/tr\/terms-of-service\/"]}]},{"@type":"BreadcrumbList","@id":"https:\/\/eips.com\/tr\/terms-of-service\/#breadcrumb","itemListElement":[{"@type":"ListItem","position":1,"name":"Home","item":"https:\/\/eips.com\/tr\/"},{"@type":"ListItem","position":2,"name":"Hizmet Ko\u015fullar\u0131"}]},{"@type":"WebSite","@id":"https:\/\/eips.com\/tr\/#website","url":"https:\/\/eips.com\/tr\/","name":"EIPS","description":"","publisher":{"@id":"https:\/\/eips.com\/tr\/#\/schema\/person\/3b7264594a6bc03b4d5ce22e54dc05c4"},"potentialAction":[{"@type":"SearchAction","target":{"@type":"EntryPoint","urlTemplate":"https:\/\/eips.com\/tr\/?s={search_term_string}"},"query-input":{"@type":"PropertyValueSpecification","valueRequired":true,"valueName":"search_term_string"}}],"inLanguage":"tr"},{"@type":["Person","Organization"],"@id":"https:\/\/eips.com\/tr\/#\/schema\/person\/3b7264594a6bc03b4d5ce22e54dc05c4","name":"Dr. Demetris Stavrou","image":{"@type":"ImageObject","inLanguage":"tr","@id":"https:\/\/eips.com\/wp-content\/uploads\/2023\/03\/Dr.Stavrou-min-author-e1680257265111-1024x1024.png","url":"https:\/\/eips.com\/wp-content\/uploads\/2023\/03\/Dr.Stavrou-min-author-e1680257265111-1024x1024.png","contentUrl":"https:\/\/eips.com\/wp-content\/uploads\/2023\/03\/Dr.Stavrou-min-author-e1680257265111-1024x1024.png","width":1024,"height":1024,"caption":"Dr. Demetris Stavrou"},"logo":{"@id":"https:\/\/eips.com\/wp-content\/uploads\/2023\/03\/Dr.Stavrou-min-author-e1680257265111-1024x1024.png"},"description":"Dr Stavrou is a board-certified and highly experienced plastic surgeon in Cyprus, Greece and Malta, with a keen interest in informing patients about the latest updates on reconstructive and cosmetic plastic surgery.","sameAs":["https:\/\/eips.com\/","https:\/\/www.facebook.com\/drstavrou","https:\/\/www.instagram.com\/drstavrou\/","https:\/\/www.linkedin.com\/in\/drstavrou\/","https:\/\/www.pinterest.com\/drstavrou\/","https:\/\/x.com\/drstavrou","https:\/\/www.youtube.com\/@drstavrou"]}]}},"_links":{"self":[{"href":"https:\/\/eips.com\/tr\/wp-json\/wp\/v2\/pages\/9374","targetHints":{"allow":["GET"]}}],"collection":[{"href":"https:\/\/eips.com\/tr\/wp-json\/wp\/v2\/pages"}],"about":[{"href":"https:\/\/eips.com\/tr\/wp-json\/wp\/v2\/types\/page"}],"author":[{"embeddable":true,"href":"https:\/\/eips.com\/tr\/wp-json\/wp\/v2\/users\/1"}],"replies":[{"embeddable":true,"href":"https:\/\/eips.com\/tr\/wp-json\/wp\/v2\/comments?post=9374"}],"version-history":[{"count":3,"href":"https:\/\/eips.com\/tr\/wp-json\/wp\/v2\/pages\/9374\/revisions"}],"predecessor-version":[{"id":538888,"href":"https:\/\/eips.com\/tr\/wp-json\/wp\/v2\/pages\/9374\/revisions\/538888"}],"wp:attachment":[{"href":"https:\/\/eips.com\/tr\/wp-json\/wp\/v2\/media?parent=9374"}],"curies":[{"name":"wp","href":"https:\/\/api.w.org\/{rel}","templated":true}]}}