{"id":9357,"date":"2022-07-06T15:52:45","date_gmt":"2022-07-06T15:52:45","guid":{"rendered":"https:\/\/eips.com\/odeme-yontemleri\/"},"modified":"2022-09-29T10:29:38","modified_gmt":"2022-09-29T10:29:38","slug":"payment-options","status":"publish","type":"page","link":"https:\/\/eips.com\/tr\/payment-options\/","title":{"rendered":"\u00d6deme Y\u00f6ntemleri"},"content":{"rendered":"\t\t<div data-elementor-type=\"wp-page\" data-elementor-id=\"9357\" class=\"elementor elementor-9357 elementor-592\" data-elementor-post-type=\"page\">\n\t\t\t\t\t\t<section class=\"elementor-section elementor-top-section elementor-element elementor-element-8128bb9 elementor-section-boxed elementor-section-height-default elementor-section-height-default\" data-id=\"8128bb9\" data-element_type=\"section\" data-e-type=\"section\" data-settings=\"{&quot;jet_parallax_layout_list&quot;:[],&quot;background_background&quot;:&quot;classic&quot;}\">\n\t\t\t\t\t\t<div class=\"elementor-container elementor-column-gap-default\">\n\t\t\t\t\t<div class=\"elementor-column elementor-col-100 elementor-top-column elementor-element elementor-element-311ec45\" data-id=\"311ec45\" data-element_type=\"column\" data-e-type=\"column\">\n\t\t\t<div class=\"elementor-widget-wrap elementor-element-populated\">\n\t\t\t\t\t\t<div class=\"elementor-element elementor-element-7d063f6 elementor-widget elementor-widget-heading\" data-id=\"7d063f6\" data-element_type=\"widget\" data-e-type=\"widget\" data-widget_type=\"heading.default\">\n\t\t\t\t<div class=\"elementor-widget-container\">\n\t\t\t\t\t<h1 class=\"elementor-heading-title elementor-size-default\">\u00d6deme Y\u00f6ntemleri<\/h1>\t\t\t\t<\/div>\n\t\t\t\t<\/div>\n\t\t\t\t\t<\/div>\n\t\t<\/div>\n\t\t\t\t\t<\/div>\n\t\t<\/section>\n\t\t\t\t<section class=\"elementor-section elementor-top-section elementor-element elementor-element-b7bd430 elementor-section-full_width elementor-section-height-default elementor-section-height-default\" data-id=\"b7bd430\" data-element_type=\"section\" data-e-type=\"section\" data-settings=\"{&quot;jet_parallax_layout_list&quot;:[],&quot;background_background&quot;:&quot;classic&quot;}\">\n\t\t\t\t\t\t<div class=\"elementor-container elementor-column-gap-no\">\n\t\t\t\t\t<div class=\"elementor-column elementor-col-100 elementor-top-column elementor-element elementor-element-79644ac\" data-id=\"79644ac\" data-element_type=\"column\" data-e-type=\"column\">\n\t\t\t<div class=\"elementor-widget-wrap elementor-element-populated\">\n\t\t\t\t\t\t<div class=\"elementor-element elementor-element-09597d8 elementor-widget elementor-widget-html\" data-id=\"09597d8\" data-element_type=\"widget\" data-e-type=\"widget\" data-widget_type=\"html.default\">\n\t\t\t\t<div class=\"elementor-widget-container\">\n\t\t\t\t\t<div style=\"font-family:Open Sans;font-size:14px;word-spacing:5px;\">\n<span><a href=\"\/tr\" style=\"color:#000;\">Anasayfa \/ Hasta Kaynaklar\u0131<\/a> \/<\/span>\n<span style=\"color:#9C9C9C;\">  <a style=\"color:#9c9c9c;\" href=\"\">\u00d6deme Y\u00f6ntemleri<\/a><\/span>\n<\/div>\t\t\t\t<\/div>\n\t\t\t\t<\/div>\n\t\t\t\t\t<\/div>\n\t\t<\/div>\n\t\t\t\t\t<\/div>\n\t\t<\/section>\n\t\t\t\t<section class=\"elementor-section elementor-top-section elementor-element elementor-element-6bc068d elementor-section-full_width elementor-section-height-default elementor-section-height-default\" data-id=\"6bc068d\" data-element_type=\"section\" data-e-type=\"section\" data-settings=\"{&quot;jet_parallax_layout_list&quot;:[]}\">\n\t\t\t\t\t\t<div class=\"elementor-container elementor-column-gap-no\">\n\t\t\t\t\t<div class=\"elementor-column elementor-col-100 elementor-top-column elementor-element elementor-element-a7ee0f1\" data-id=\"a7ee0f1\" data-element_type=\"column\" data-e-type=\"column\">\n\t\t\t<div class=\"elementor-widget-wrap elementor-element-populated\">\n\t\t\t\t\t\t<div class=\"elementor-element elementor-element-0979fa6 elementor-widget elementor-widget-text-editor\" data-id=\"0979fa6\" data-element_type=\"widget\" data-e-type=\"widget\" data-widget_type=\"text-editor.default\">\n\t\t\t\t<div class=\"elementor-widget-container\">\n\t\t\t\t\t\t\t\t\t<p>Son g\u00fcncelleme 12\/06\/2021 tarihinde yap\u0131lm\u0131\u015ft\u0131r.<\/p>\t\t\t\t\t\t\t\t<\/div>\n\t\t\t\t<\/div>\n\t\t\t\t\t<\/div>\n\t\t<\/div>\n\t\t\t\t\t<\/div>\n\t\t<\/section>\n\t\t\t\t<section class=\"elementor-section elementor-top-section elementor-element elementor-element-4b5e1aa elementor-section-boxed elementor-section-height-default elementor-section-height-default\" data-id=\"4b5e1aa\" data-element_type=\"section\" data-e-type=\"section\" data-settings=\"{&quot;jet_parallax_layout_list&quot;:[]}\">\n\t\t\t\t\t\t<div class=\"elementor-container elementor-column-gap-default\">\n\t\t\t\t\t<div class=\"elementor-column elementor-col-100 elementor-top-column elementor-element elementor-element-42ff0bd\" data-id=\"42ff0bd\" data-element_type=\"column\" data-e-type=\"column\">\n\t\t\t<div class=\"elementor-widget-wrap elementor-element-populated\">\n\t\t\t\t\t\t<div class=\"elementor-element elementor-element-ea64fea elementor-widget elementor-widget-text-editor\" data-id=\"ea64fea\" data-element_type=\"widget\" data-e-type=\"widget\" data-widget_type=\"text-editor.default\">\n\t\t\t\t<div class=\"elementor-widget-container\">\n\t\t\t\t\t\t\t\t\t<p>Plastik cerrahinin maliyetini tam olarak tahmin etmek zordur \u00e7\u00fcnk\u00fc fiyat bi\u00e7emeyece\u011finiz bir\u00e7ok \u015feyi i\u00e7erir. Elbette en \u00f6nemlisi sa\u011fl\u0131\u011f\u0131n\u0131zd\u0131r ve hi\u00e7bir para miktar\u0131, kozmetik veya rekonstr\u00fcktif plastik cerrahi konusunda resmi olarak e\u011fitim almam\u0131\u015f ve ihtiyac\u0131n\u0131z olan prosed\u00fcr konusunda kapsaml\u0131 deneyime sahip olmayan bir cerrahla ucuz bir plastik cerrahi prosed\u00fcr\u00fc almaya de\u011fmez. Sizinle ilgilenecek ve g\u00fcvenli\u011finizi sa\u011flamak i\u00e7in m\u00fcmk\u00fcn olan her \u015feyi yapacak nitelikli bir plastik cerraha ihtiyac\u0131n\u0131z var.<\/p><p>Size mevcut en y\u00fcksek kalitede ve en g\u00fcncel kozmetik plastik cerrahi prosed\u00fcrlerini sunarken, fiyatlar\u0131 herkes i\u00e7in uygun olacak kadar d\u00fc\u015f\u00fck tutmaya \u00e7al\u0131\u015f\u0131yoruz. Bir\u00e7ok prosed\u00fcr i\u00e7in sa\u011fl\u0131k sigortas\u0131 maliyetin bir k\u0131sm\u0131n\u0131 veya tamam\u0131n\u0131 kar\u015f\u0131layabilir. Sigorta \u015firketleri ile ili\u015fkilerimizde geni\u015f deneyime sahibiz ve sigorta \u015firketlerinin bir\u00e7ok farkl\u0131 prosed\u00fcr\u00fc kar\u015f\u0131lama ko\u015fullar\u0131n\u0131 nas\u0131l kar\u015f\u0131layaca\u011f\u0131m\u0131z\u0131 biliyoruz.<\/p><p>Sigorta kapsam\u0131nda olmayan bir estetik ameliyat d\u00fc\u015f\u00fcn\u00fcyorsan\u0131z, ameliyat\u0131n\u0131z\u0131 daha ekonomik hale getirecek \u00f6deme planlar\u0131 olu\u015fturman\u0131za yard\u0131mc\u0131 olabiliriz. Mali durum s\u00f6z konusu oldu\u011funda, s\u0131n\u0131rl\u0131 kaynaklar\u0131n\u0131z \u00fczerinde bir\u00e7ok talep oldu\u011funu ve arzu etti\u011finiz kozmetik plastik cerrahiyi yapt\u0131rmak i\u00e7in ihtiyac\u0131n\u0131z olan paray\u0131 bulman\u0131n zor olabilece\u011fini anl\u0131yoruz. Hayat\u0131n\u0131zda ger\u00e7ekten fark yaratabilecek kaliteli sonu\u00e7lar alman\u0131z\u0131 engelleyebilecek bariyerleri ortadan kald\u0131rmak i\u00e7in sizinle birlikte \u00e7al\u0131\u015f\u0131yoruz. Kozmetik plastik cerrahinin maliyeti veya kar\u015f\u0131lanabilirli\u011fi hakk\u0131nda sorular\u0131n\u0131z varsa, l\u00fctfen cevaplar i\u00e7in bug\u00fcn bizi aray\u0131n veya e-posta g\u00f6nderin.<\/p>\t\t\t\t\t\t\t\t<\/div>\n\t\t\t\t<\/div>\n\t\t\t\t\t<\/div>\n\t\t<\/div>\n\t\t\t\t\t<\/div>\n\t\t<\/section>\n\t\t\t\t<\/div>\n\t\t","protected":false},"excerpt":{"rendered":"<p>\u00d6deme Y\u00f6ntemleri Anasayfa \/ Hasta Kaynaklar\u0131 \/ \u00d6deme Y\u00f6ntemleri Son g\u00fcncelleme 12\/06\/2021 tarihinde yap\u0131lm\u0131\u015ft\u0131r. Plastik cerrahinin maliyetini tam olarak tahmin etmek zordur \u00e7\u00fcnk\u00fc fiyat bi\u00e7emeyece\u011finiz bir\u00e7ok \u015feyi i\u00e7erir. Elbette en \u00f6nemlisi sa\u011fl\u0131\u011f\u0131n\u0131zd\u0131r ve hi\u00e7bir para miktar\u0131, kozmetik veya rekonstr\u00fcktif plastik cerrahi konusunda resmi olarak e\u011fitim almam\u0131\u015f ve ihtiyac\u0131n\u0131z olan prosed\u00fcr konusunda kapsaml\u0131 deneyime sahip olmayan [&hellip;]<\/p>\n","protected":false},"author":1,"featured_media":0,"parent":0,"menu_order":0,"comment_status":"closed","ping_status":"closed","template":"elementor_header_footer","meta":{"_acf_changed":false,"footnotes":""},"class_list":["post-9357","page","type-page","status-publish","hentry"],"acf":[],"yoast_head":"<!-- This site is optimized with the Yoast SEO plugin v27.3 - https:\/\/yoast.com\/product\/yoast-seo-wordpress\/ -->\n<title>Plasti Ameliyat\u0131 \u00d6deme Se\u00e7enekleri | EIPS<\/title>\n<meta name=\"description\" content=\"Dr Stavrou, meme implantlar\u0131, burun, cilt tedavileri, germe ve v\u00fccut kont\u00fcr\u00fc gibi kaliteli plastik cerrahi i\u00e7in bir\u00e7ok uygun finansman se\u00e7ene\u011fi sunar.\" \/>\n<meta name=\"robots\" content=\"index, follow, max-snippet:-1, max-image-preview:large, max-video-preview:-1\" \/>\n<link rel=\"canonical\" href=\"https:\/\/eips.com\/tr\/payment-options\/\" \/>\n<meta property=\"og:locale\" content=\"tr_TR\" \/>\n<meta property=\"og:type\" content=\"article\" \/>\n<meta property=\"og:title\" content=\"Plasti Ameliyat\u0131 \u00d6deme Se\u00e7enekleri | EIPS\" \/>\n<meta property=\"og:description\" content=\"Dr Stavrou, meme implantlar\u0131, burun, cilt tedavileri, germe ve v\u00fccut kont\u00fcr\u00fc gibi kaliteli plastik cerrahi i\u00e7in bir\u00e7ok uygun finansman se\u00e7ene\u011fi sunar.\" \/>\n<meta property=\"og:url\" content=\"https:\/\/eips.com\/tr\/payment-options\/\" \/>\n<meta property=\"og:site_name\" content=\"EIPS\" \/>\n<meta property=\"article:publisher\" content=\"https:\/\/www.facebook.com\/drstavrou\" \/>\n<meta property=\"article:modified_time\" content=\"2022-09-29T10:29:38+00:00\" \/>\n<meta name=\"twitter:card\" content=\"summary_large_image\" \/>\n<meta name=\"twitter:site\" content=\"@drstavrou\" \/>\n<meta name=\"twitter:label1\" content=\"Tahmini okuma s\u00fcresi\" \/>\n\t<meta name=\"twitter:data1\" content=\"2 dakika\" \/>\n<!-- \/ Yoast SEO plugin. -->","yoast_head_json":{"title":"Plasti Ameliyat\u0131 \u00d6deme Se\u00e7enekleri | EIPS","description":"Dr Stavrou, meme implantlar\u0131, burun, cilt tedavileri, germe ve v\u00fccut kont\u00fcr\u00fc gibi kaliteli plastik cerrahi i\u00e7in bir\u00e7ok uygun finansman se\u00e7ene\u011fi sunar.","robots":{"index":"index","follow":"follow","max-snippet":"max-snippet:-1","max-image-preview":"max-image-preview:large","max-video-preview":"max-video-preview:-1"},"canonical":"https:\/\/eips.com\/tr\/payment-options\/","og_locale":"tr_TR","og_type":"article","og_title":"Plasti Ameliyat\u0131 \u00d6deme Se\u00e7enekleri | EIPS","og_description":"Dr Stavrou, meme implantlar\u0131, burun, cilt tedavileri, germe ve v\u00fccut kont\u00fcr\u00fc gibi kaliteli plastik cerrahi i\u00e7in bir\u00e7ok uygun finansman se\u00e7ene\u011fi sunar.","og_url":"https:\/\/eips.com\/tr\/payment-options\/","og_site_name":"EIPS","article_publisher":"https:\/\/www.facebook.com\/drstavrou","article_modified_time":"2022-09-29T10:29:38+00:00","twitter_card":"summary_large_image","twitter_site":"@drstavrou","twitter_misc":{"Tahmini okuma s\u00fcresi":"2 dakika"},"schema":{"@context":"https:\/\/schema.org","@graph":[{"@type":"WebPage","@id":"https:\/\/eips.com\/tr\/payment-options\/","url":"https:\/\/eips.com\/tr\/payment-options\/","name":"Plasti Ameliyat\u0131 \u00d6deme Se\u00e7enekleri | EIPS","isPartOf":{"@id":"https:\/\/eips.com\/tr\/#website"},"datePublished":"2022-07-06T15:52:45+00:00","dateModified":"2022-09-29T10:29:38+00:00","description":"Dr Stavrou, meme implantlar\u0131, burun, cilt tedavileri, germe ve v\u00fccut kont\u00fcr\u00fc gibi kaliteli plastik cerrahi i\u00e7in bir\u00e7ok uygun finansman se\u00e7ene\u011fi sunar.","breadcrumb":{"@id":"https:\/\/eips.com\/tr\/payment-options\/#breadcrumb"},"inLanguage":"tr","potentialAction":[{"@type":"ReadAction","target":["https:\/\/eips.com\/tr\/payment-options\/"]}]},{"@type":"BreadcrumbList","@id":"https:\/\/eips.com\/tr\/payment-options\/#breadcrumb","itemListElement":[{"@type":"ListItem","position":1,"name":"Home","item":"https:\/\/eips.com\/tr\/"},{"@type":"ListItem","position":2,"name":"\u00d6deme Y\u00f6ntemleri"}]},{"@type":"WebSite","@id":"https:\/\/eips.com\/tr\/#website","url":"https:\/\/eips.com\/tr\/","name":"EIPS","description":"","publisher":{"@id":"https:\/\/eips.com\/tr\/#\/schema\/person\/3b7264594a6bc03b4d5ce22e54dc05c4"},"potentialAction":[{"@type":"SearchAction","target":{"@type":"EntryPoint","urlTemplate":"https:\/\/eips.com\/tr\/?s={search_term_string}"},"query-input":{"@type":"PropertyValueSpecification","valueRequired":true,"valueName":"search_term_string"}}],"inLanguage":"tr"},{"@type":["Person","Organization"],"@id":"https:\/\/eips.com\/tr\/#\/schema\/person\/3b7264594a6bc03b4d5ce22e54dc05c4","name":"Dr. Demetris Stavrou","image":{"@type":"ImageObject","inLanguage":"tr","@id":"https:\/\/eips.com\/wp-content\/uploads\/2023\/03\/Dr.Stavrou-min-author-e1680257265111-1024x1024.png","url":"https:\/\/eips.com\/wp-content\/uploads\/2023\/03\/Dr.Stavrou-min-author-e1680257265111-1024x1024.png","contentUrl":"https:\/\/eips.com\/wp-content\/uploads\/2023\/03\/Dr.Stavrou-min-author-e1680257265111-1024x1024.png","width":1024,"height":1024,"caption":"Dr. Demetris Stavrou"},"logo":{"@id":"https:\/\/eips.com\/wp-content\/uploads\/2023\/03\/Dr.Stavrou-min-author-e1680257265111-1024x1024.png"},"description":"Dr Stavrou is a board-certified and highly experienced plastic surgeon in Cyprus, Greece and Malta, with a keen interest in informing patients about the latest updates on reconstructive and cosmetic plastic surgery.","sameAs":["https:\/\/eips.com\/","https:\/\/www.facebook.com\/drstavrou","https:\/\/www.instagram.com\/drstavrou\/","https:\/\/www.linkedin.com\/in\/drstavrou\/","https:\/\/www.pinterest.com\/drstavrou\/","https:\/\/x.com\/drstavrou","https:\/\/www.youtube.com\/@drstavrou"]}]}},"_links":{"self":[{"href":"https:\/\/eips.com\/tr\/wp-json\/wp\/v2\/pages\/9357","targetHints":{"allow":["GET"]}}],"collection":[{"href":"https:\/\/eips.com\/tr\/wp-json\/wp\/v2\/pages"}],"about":[{"href":"https:\/\/eips.com\/tr\/wp-json\/wp\/v2\/types\/page"}],"author":[{"embeddable":true,"href":"https:\/\/eips.com\/tr\/wp-json\/wp\/v2\/users\/1"}],"replies":[{"embeddable":true,"href":"https:\/\/eips.com\/tr\/wp-json\/wp\/v2\/comments?post=9357"}],"version-history":[{"count":0,"href":"https:\/\/eips.com\/tr\/wp-json\/wp\/v2\/pages\/9357\/revisions"}],"wp:attachment":[{"href":"https:\/\/eips.com\/tr\/wp-json\/wp\/v2\/media?parent=9357"}],"curies":[{"name":"wp","href":"https:\/\/api.w.org\/{rel}","templated":true}]}}